{"id":6294,"date":"2018-08-28T09:04:37","date_gmt":"2018-08-28T01:04:37","guid":{"rendered":"http:\/\/hreflangtags.com\/?page_id=6294"},"modified":"2021-09-13T14:30:48","modified_gmt":"2021-09-13T06:30:48","slug":"funciones-de-hreflang-tags","status":"publish","type":"page","link":"https:\/\/hreflangtags.com\/es\/funciones-de-hreflang-tags\/","title":{"rendered":"Funciones de HREFLANG Tags"},"content":{"rendered":"\t\t<div data-elementor-type=\"wp-page\" data-elementor-id=\"6294\" class=\"elementor elementor-6294 elementor-5268\" data-elementor-post-type=\"page\">\n\t\t\t\t\t\t<section class=\"elementor-section elementor-top-section elementor-element elementor-element-3be7fb4 elementor-section-full_width elementor-section-height-default elementor-section-height-default\" data-id=\"3be7fb4\" data-element_type=\"section\" data-e-type=\"section\" data-settings=\"{&quot;background_background&quot;:&quot;gradient&quot;}\">\n\t\t\t\t\t\t<div class=\"elementor-container elementor-column-gap-default\">\n\t\t\t\t\t<div class=\"elementor-column elementor-col-100 elementor-top-column elementor-element elementor-element-b94ffa1\" data-id=\"b94ffa1\" data-element_type=\"column\" data-e-type=\"column\">\n\t\t\t<div class=\"elementor-widget-wrap elementor-element-populated\">\n\t\t\t\t\t\t<section class=\"elementor-section elementor-inner-section elementor-element elementor-element-b689ee6 elementor-section-boxed elementor-section-height-default elementor-section-height-default\" data-id=\"b689ee6\" data-element_type=\"section\" data-e-type=\"section\">\n\t\t\t\t\t\t<div class=\"elementor-container elementor-column-gap-default\">\n\t\t\t\t\t<div class=\"elementor-column elementor-col-100 elementor-inner-column elementor-element elementor-element-0fdb060\" data-id=\"0fdb060\" data-element_type=\"column\" data-e-type=\"column\" data-settings=\"{&quot;background_background&quot;:&quot;classic&quot;}\">\n\t\t\t<div class=\"elementor-widget-wrap elementor-element-populated\">\n\t\t\t\t\t\t<div class=\"elementor-element elementor-element-6687d4e elementor-widget elementor-widget-heading\" data-id=\"6687d4e\" data-element_type=\"widget\" data-e-type=\"widget\" data-widget_type=\"heading.default\">\n\t\t\t\t<div class=\"elementor-widget-container\">\n\t\t\t\t\t<h5 class=\"elementor-heading-title elementor-size-default\">Potentes herramientas para ayudarlo a implementar sus etiquetas HREFLANG correctamente<\/h5>\t\t\t\t<\/div>\n\t\t\t\t<\/div>\n\t\t\t\t\t<\/div>\n\t\t<\/div>\n\t\t\t\t\t<\/div>\n\t\t<\/section>\n\t\t\t\t\t<\/div>\n\t\t<\/div>\n\t\t\t\t\t<\/div>\n\t\t<\/section>\n\t\t\t\t<section class=\"elementor-section elementor-top-section elementor-element elementor-element-3263d9dd elementor-section-boxed elementor-section-height-default elementor-section-height-default\" data-id=\"3263d9dd\" data-element_type=\"section\" data-e-type=\"section\">\n\t\t\t\t\t\t<div class=\"elementor-container elementor-column-gap-default\">\n\t\t\t\t\t<div class=\"elementor-column elementor-col-100 elementor-top-column elementor-element elementor-element-594100f0\" data-id=\"594100f0\" data-element_type=\"column\" data-e-type=\"column\">\n\t\t\t<div class=\"elementor-widget-wrap elementor-element-populated\">\n\t\t\t\t\t\t<div class=\"elementor-element elementor-element-164b9986 elementor-widget elementor-widget-text-editor\" data-id=\"164b9986\" data-element_type=\"widget\" data-e-type=\"widget\" data-widget_type=\"text-editor.default\">\n\t\t\t\t<div class=\"elementor-widget-container\">\n\t\t\t\t\t\t\t\t\t<a href=\"https:\/\/www.google.com\/webmasters\/tools\" target=\"_blank\" rel=\"noopener\"> Google Search Console <\/a> <a href=\"https:\/\/support.google.com\/webmasters\/answer\/189077?hl=es\" target=\"_ blank\" rel=\"noopener\">recomienda<\/a> que <strong>todos los sitios<\/strong> que utilizan International Targeting <strong>implementen etiquetas hreflang<\/strong>, tambi\u00e9n conocido como <em>rel=\u00bbalternate\u00bb hreflang=\u00bbx\u00bb<\/em> para informar correctamente a Google sobre las versiones localizadas de su p\u00e1gina. Para los sitios web HTML est\u00e1ticos, esta puede ser una tarea <em>que consume mucho tiempo<\/em> y <em>intimidante<\/em>. Pero, para los sitios web con WordPress-Powered, es <em>casi imposible<\/em>.\n<p style=\"text-align: center;\"><strong>HREFLANG Tags for WordPress<\/strong> lo convierte en <em>simple<\/em> y <em>f\u00e1cil<\/em> con nuestras <strong>potentes funciones<\/strong>.<\/p>\n\n\n<hr>\n\n<img fetchpriority=\"high\" decoding=\"async\" class=\"alignleft size-full wp-image-5707\" src=\"https:\/\/hreflangtags.com\/wp-content\/uploads\/2018\/08\/Featured-icons-Bulk-Editing-Tool.png\" alt=\"\" width=\"460\" height=\"350\">\n<div class=\"alignright feature\">\n<h3>Herramienta de edici\u00f3n a granel<\/h3>\n<h4>1-Click Guardar y Borrar<\/h4>\n<strong>Ah\u00f3rrese<\/strong> la molestia de abrir cada p\u00e1gina, publicaci\u00f3n o producto uno por uno y <strong>use esta herramienta<\/strong> para actualizar todas sus entradas <em>en una ubicaci\u00f3n conveniente<\/em>.\n\n<\/div>\n\n<hr>\n\n<img decoding=\"async\" class=\"alignright size-full wp-image-5707\" src=\"https:\/\/hreflangtags.com\/wp-content\/uploads\/2018\/08\/Featured-icons-HTML-Generator.png\" alt=\"\" width=\"460\" height=\"350\">\n<div class=\"alignleft feature\">\n<h3>Generador de HTML<\/h3>\n<h4>Para sitios web que no sean de WordPress<\/h4>\nGenere c\u00f3digo HTML <strong>al instante<\/strong> para utilizarlo en sitios web que no sean de WordPress. Es tan simple como <em>copiar &amp; amp; pegar<\/em>.\n\n<\/div>\n\n<hr>\n\n<img decoding=\"async\" class=\"alignleft size-full wp-image-5707\" src=\"https:\/\/hreflangtags.com\/wp-content\/uploads\/2018\/08\/Featured-icons-Validation-Tool.png\" alt=\"\" width=\"460\" height=\"350\">\n<div class=\"alignright feature\">\n<h3>Herramienta de validaci\u00f3n<\/h3>\n<h4>Pruebe y valide su implementaci\u00f3n<\/h4>\n<strong>Pruebe la implementaci\u00f3n de hreflang<\/strong> directamente desde el cuadro meta desde el que est\u00e1 trabajando. <em>No hay m\u00e1s herramientas externas<\/em> o <em>esperando que Google<\/em> indexe sus p\u00e1ginas.\n\n<\/div>\n\n<hr>\n\n<img loading=\"lazy\" decoding=\"async\" class=\"alignright size-full wp-image-5707\" src=\"https:\/\/hreflangtags.com\/wp-content\/uploads\/2018\/08\/Featured-icons-Bulk-Validation.png\" alt=\"\" width=\"460\" height=\"350\">\n<div class=\"alignleft feature\">\n<h3>Validaci\u00f3n masiva<\/h3>\n<h4>Ahorre tiempo &#8230; y el tiempo es dinero<\/h4>\n\u00bfUsas nuestro <strong>Editor masivo<\/strong> para ingresar todas tus etiquetas? Si es as\u00ed, ya no tiene que verificar los resultados de validaci\u00f3n p\u00e1gina por p\u00e1gina. Vea todos sus resultados de validaci\u00f3n <i>en un solo lugar<\/i> con nuestra <strong>Herramienta de validaci\u00f3n masiva<\/strong>.\n\n<\/div>\n\n<hr>\n\n<div class=\"cta-content-wrapper\">\n<h1>\u00bfTe gusta lo que ves? Agregue sus etiquetas HREFLANG ahora.<\/h1>\n<h2 class=\"centered\">Comience a implementar sus requisitos de orientaci\u00f3n internacional para sus sitios web con WordPress en Just Minutes. \u00a1No se requiere conocimiento de programaci\u00f3n! S\u00ed, realmente es as\u00ed de f\u00e1cil.<\/h2>\n<div style=\"width: 85%; margin: 0 auto;\"><a class=\"orangebutton\" href=\"https:\/\/hreflangtags.com\/es\/precios\/\">Compre ya desde solo $9.99 &#8211; Descarga inmediata<\/a><\/div>\n<div class=\"rule rule_or rule_gray\"><span>o<\/span><\/div>\n<div class=\"centered small_link_text\">Si a\u00fan no est\u00e1 listo para comprometerse, tambi\u00e9n puede <a href=\"https:\/\/wordpress.org\/plugins\/hreflang-tags-by-dcgws\/\" target=\"_blank\" rel=\"nofollow noopener\">prueba HREFLANG Tags Lite<\/a> antes de comprar.<\/div>\n<\/div>\t\t\t\t\t\t\t\t<\/div>\n\t\t\t\t<\/div>\n\t\t\t\t\t<\/div>\n\t\t<\/div>\n\t\t\t\t\t<\/div>\n\t\t<\/section>\n\t\t\t\t<\/div>\n\t\t","protected":false},"excerpt":{"rendered":"<p>Google Search Console recomienda que todos los sitios que utilizan International Targeting implementen etiquetas hreflang, tambi\u00e9n conocido como rel=\u00bbalternate\u00bb hreflang=\u00bbx\u00bb para informar correctamente a Google sobre las versiones localizadas de su p\u00e1gina. Para los sitios web HTML est\u00e1ticos, esta puede ser una tarea que consume mucho tiempo y intimidante. Pero, para los sitios web con [&hellip;]<\/p>\n","protected":false},"author":1036,"featured_media":0,"parent":0,"menu_order":0,"comment_status":"closed","ping_status":"closed","template":"","meta":{"footnotes":""},"class_list":["post-6294","page","type-page","status-publish","hentry"],"jetpack_sharing_enabled":false,"_links":{"self":[{"href":"https:\/\/hreflangtags.com\/es\/wp-json\/wp\/v2\/pages\/6294","targetHints":{"allow":["GET"]}}],"collection":[{"href":"https:\/\/hreflangtags.com\/es\/wp-json\/wp\/v2\/pages"}],"about":[{"href":"https:\/\/hreflangtags.com\/es\/wp-json\/wp\/v2\/types\/page"}],"author":[{"embeddable":true,"href":"https:\/\/hreflangtags.com\/es\/wp-json\/wp\/v2\/users\/1036"}],"replies":[{"embeddable":true,"href":"https:\/\/hreflangtags.com\/es\/wp-json\/wp\/v2\/comments?post=6294"}],"version-history":[{"count":6,"href":"https:\/\/hreflangtags.com\/es\/wp-json\/wp\/v2\/pages\/6294\/revisions"}],"predecessor-version":[{"id":20560,"href":"https:\/\/hreflangtags.com\/es\/wp-json\/wp\/v2\/pages\/6294\/revisions\/20560"}],"wp:attachment":[{"href":"https:\/\/hreflangtags.com\/es\/wp-json\/wp\/v2\/media?parent=6294"}],"curies":[{"name":"wp","href":"https:\/\/api.w.org\/{rel}","templated":true}]}}