{"id":19663,"date":"2021-07-12T16:29:08","date_gmt":"2021-07-12T08:29:08","guid":{"rendered":"http:\/\/hreflangtags.com\/?page_id=19663"},"modified":"2022-02-27T16:16:44","modified_gmt":"2022-02-27T08:16:44","slug":"checkout","status":"publish","type":"page","link":"https:\/\/hreflangtags.com\/es\/checkout\/","title":{"rendered":"Checkout"},"content":{"rendered":"\t\t<div data-elementor-type=\"wp-page\" data-elementor-id=\"19663\" class=\"elementor elementor-19663 elementor-19329\" data-elementor-post-type=\"page\">\n\t\t\t\t\t\t<section class=\"elementor-section elementor-top-section elementor-element elementor-element-20171f9 elementor-section-full_width elementor-section-height-default elementor-section-height-default\" data-id=\"20171f9\" data-element_type=\"section\" data-e-type=\"section\" data-settings=\"{&quot;background_background&quot;:&quot;gradient&quot;}\">\n\t\t\t\t\t\t<div class=\"elementor-container elementor-column-gap-default\">\n\t\t\t\t\t<div class=\"elementor-column elementor-col-100 elementor-top-column elementor-element elementor-element-f4b2bd1\" data-id=\"f4b2bd1\" data-element_type=\"column\" data-e-type=\"column\">\n\t\t\t<div class=\"elementor-widget-wrap elementor-element-populated\">\n\t\t\t\t\t\t<section class=\"elementor-section elementor-inner-section elementor-element elementor-element-7ce64b5 elementor-section-boxed elementor-section-height-default elementor-section-height-default\" data-id=\"7ce64b5\" data-element_type=\"section\" data-e-type=\"section\">\n\t\t\t\t\t\t<div class=\"elementor-container elementor-column-gap-default\">\n\t\t\t\t\t<div class=\"elementor-column elementor-col-50 elementor-inner-column elementor-element elementor-element-adfe424\" data-id=\"adfe424\" data-element_type=\"column\" data-e-type=\"column\" data-settings=\"{&quot;background_background&quot;:&quot;classic&quot;}\">\n\t\t\t<div class=\"elementor-widget-wrap elementor-element-populated\">\n\t\t\t\t\t\t\t<\/div>\n\t\t<\/div>\n\t\t\t\t<div class=\"elementor-column elementor-col-50 elementor-inner-column elementor-element elementor-element-290b01f\" data-id=\"290b01f\" data-element_type=\"column\" data-e-type=\"column\">\n\t\t\t<div class=\"elementor-widget-wrap elementor-element-populated\">\n\t\t\t\t\t\t\t<\/div>\n\t\t<\/div>\n\t\t\t\t\t<\/div>\n\t\t<\/section>\n\t\t\t\t\t<\/div>\n\t\t<\/div>\n\t\t\t\t\t<\/div>\n\t\t<\/section>\n\t\t\t\t<section class=\"elementor-section elementor-top-section elementor-element elementor-element-3800b8b2 elementor-section-boxed elementor-section-height-default elementor-section-height-default\" data-id=\"3800b8b2\" data-element_type=\"section\" data-e-type=\"section\">\n\t\t\t\t\t\t<div class=\"elementor-container elementor-column-gap-default\">\n\t\t\t\t\t<div class=\"elementor-column elementor-col-100 elementor-top-column elementor-element elementor-element-7edfb884\" data-id=\"7edfb884\" data-element_type=\"column\" data-e-type=\"column\">\n\t\t\t<div class=\"elementor-widget-wrap elementor-element-populated\">\n\t\t\t\t\t\t<div class=\"elementor-element elementor-element-6c6aafc8 elementor-widget elementor-widget-text-editor\" data-id=\"6c6aafc8\" data-element_type=\"widget\" data-e-type=\"widget\" data-widget_type=\"text-editor.default\">\n\t\t\t\t<div class=\"elementor-widget-container\">\n\t\t\t\t\t\t\t\t\t<p>\u00bfNecesita ayuda con la instalaci\u00f3n y configuraci\u00f3n? Nuestro equipo de expertos en localizaci\u00f3n de sitios web puede ayudarlo a agregar sus etiquetas y cumplir con Google* en unas pocas horas**. <a href=\"https:\/\/hreflangtags.com\/es\/downloads\/hreflang-tags-instalacion-y-configuracion\/\">Haga clic aqu\u00ed<\/a> para m\u00e1s detalles.<\/p><div id=\"edd_checkout_wrap\"><span class=\"edd_empty_cart\">Tu carrito est\u00e1 vac\u00edo.<\/span><\/div><!--end #edd_checkout_wrap--><h6>\u00a0* HREFLANG Tags no est\u00e1 afiliado ni respaldado por Google, Inc.<\/h6><h6>** Se pueden completar menos de 50 p\u00e1ginas en 8 horas o menos. De 9 a.m. a 5 p.m., de lunes a viernes GMT +8: 00<\/h6><div style=\"margin-top: -54px; float: left; margin-left: 145px;\">\u00a0<\/div>\t\t\t\t\t\t\t\t<\/div>\n\t\t\t\t<\/div>\n\t\t\t\t\t<\/div>\n\t\t<\/div>\n\t\t\t\t\t<\/div>\n\t\t<\/section>\n\t\t\t\t<\/div>\n\t\t","protected":false},"excerpt":{"rendered":"<p>\u00bfNecesita ayuda con la instalaci\u00f3n y configuraci\u00f3n? Nuestro equipo de expertos en localizaci\u00f3n de sitios web puede ayudarlo a agregar sus etiquetas y cumplir con Google* en unas pocas horas**. Haga clic aqu\u00ed para m\u00e1s detalles. &nbsp;* HREFLANG Tags no est\u00e1 afiliado ni respaldado por Google, Inc. ** Se pueden completar menos de 50 p\u00e1ginas [&hellip;]<\/p>\n","protected":false},"author":1036,"featured_media":0,"parent":0,"menu_order":0,"comment_status":"closed","ping_status":"closed","template":"","meta":{"footnotes":""},"class_list":["post-19663","page","type-page","status-publish","hentry"],"jetpack_sharing_enabled":true,"_links":{"self":[{"href":"https:\/\/hreflangtags.com\/es\/wp-json\/wp\/v2\/pages\/19663","targetHints":{"allow":["GET"]}}],"collection":[{"href":"https:\/\/hreflangtags.com\/es\/wp-json\/wp\/v2\/pages"}],"about":[{"href":"https:\/\/hreflangtags.com\/es\/wp-json\/wp\/v2\/types\/page"}],"author":[{"embeddable":true,"href":"https:\/\/hreflangtags.com\/es\/wp-json\/wp\/v2\/users\/1036"}],"replies":[{"embeddable":true,"href":"https:\/\/hreflangtags.com\/es\/wp-json\/wp\/v2\/comments?post=19663"}],"version-history":[{"count":8,"href":"https:\/\/hreflangtags.com\/es\/wp-json\/wp\/v2\/pages\/19663\/revisions"}],"predecessor-version":[{"id":21858,"href":"https:\/\/hreflangtags.com\/es\/wp-json\/wp\/v2\/pages\/19663\/revisions\/21858"}],"wp:attachment":[{"href":"https:\/\/hreflangtags.com\/es\/wp-json\/wp\/v2\/media?parent=19663"}],"curies":[{"name":"wp","href":"https:\/\/api.w.org\/{rel}","templated":true}]}}