{"id":11828,"date":"2019-11-21T20:49:21","date_gmt":"2019-11-21T12:49:21","guid":{"rendered":"http:\/\/hreflangtags.com\/?page_id=11828"},"modified":"2021-07-13T12:01:34","modified_gmt":"2021-07-13T04:01:34","slug":"precios-de-por-vida","status":"publish","type":"page","link":"https:\/\/hreflangtags.com\/es\/precios-de-por-vida\/","title":{"rendered":"Precios de por vida"},"content":{"rendered":"<h2 id=\"standard-faqs\" style=\"text-align: center;\">Preguntas frecuentes<\/h2>\n<hr \/>\n<p><strong>\u00bfQu\u00e9 pas\u00f3 con HREFLANG Tags Lite?<\/strong><br \/>\nNuestro complemento Lite todav\u00eda est\u00e1 disponible para descargar a trav\u00e9s del repositorio de WordPress. Sin embargo, solo haremos correcciones de errores o agregaremos nuevos idiomas, si es necesario. Las nuevas funciones solo estar\u00e1n disponibles a trav\u00e9s de una de nuestras licencias.<\/p>\n<hr \/>\n<p><strong>\u00bfOfrecen reembolsos?<\/strong><br \/>\nCon mucho gusto emitiremos un reembolso dentro de los 30 d\u00edas, sin hacer preguntas. Espere hasta 72 horas para que se procese su solicitud de reembolso.<\/p>\n<hr \/>\n<p><strong>Si necesito ayuda para configurar hreflang en mi sitio web, \u00bfd\u00f3nde obtengo asistencia?<\/strong><br \/>\nEstamos m\u00e1s que felices de ayudarlo a configurar etiquetas hreflang en su sitio web. La mayor\u00eda de los sitios web se pueden configurar por completo en menos de 2 horas (espere hasta 24 horas). Puede comprar el servicio de configuraci\u00f3n <a href=\"http:\/\/hreflangtags.com\/es\/downloads\/hreflang-tags-instalacion-y-configuracion\/\">aqu\u00ed<\/a>.<\/p>\n<hr \/>\n<p><strong>\u00bfQu\u00e9 dice Google sobre las etiquetas hreflang?<\/strong><br \/>\nMire el video a continuaci\u00f3n para ver <strong>qu\u00e9 dice Google<\/strong> sobre el uso de etiquetas hreflang<\/p>\n<p><iframe src=\"https:\/\/www.youtube.com\/embed\/8ce9jv91beQ\" width=\"560\" height=\"315\" frameborder=\"0\" allowfullscreen=\"allowfullscreen\" data-mce-fragment=\"1\"><\/iframe><\/p>\n<p>(READ: <a href=\"http:\/\/dcgws.com\/hreflang-tags-usage-localization\/\" target=\"_blank\" rel=\"noopener noreferrer\"><strong>Learn more about the hreflang tags and about our popular HREFLANG Tags Lite plugin with over 6,000 active installs<\/strong><\/a>)<\/p>\n<hr \/>\n<p><strong>\u00bfQu\u00e9 obtengo con las etiquetas HREFLANG?<\/strong><\/p>\n<ol>\n<li>Obtiene nuestra <strong>\u00faltima versi\u00f3n<\/strong> de HREFLANG Tags<\/li>\n<li>Instalaci\u00f3n <strong>GRATUITA<\/strong> y soporte de implementaci\u00f3n<\/li>\n<li>\u00a1Obtienes <strong>actualizaciones gratuitas<\/strong> de por vida!<\/li>\n<li>\u00a1Obtiene <strong>soporte Premium gratuito<\/strong> de por vida!<\/li>\n<\/ol>\n<hr \/>\n<p><strong>\u00bfQui\u00e9n deber\u00eda usar este complemento?<\/strong><br \/>\nGoogle recomienda el uso de <strong>etiquetas hreflang<\/strong> si se cumple alguna de las siguientes condiciones: *<\/p>\n<ul>\n<li>Mantiene el contenido principal en <strong>un solo idioma<\/strong> y traduce solo <strong>la plantilla<\/strong>, como la navegaci\u00f3n y el pie de p\u00e1gina. Las p\u00e1ginas que presentan contenido generado por el usuario, como los foros, generalmente hacen esto.<\/li>\n<li>Su contenido tiene peque\u00f1as <strong>variaciones regionales<\/strong> con contenido similar en un <strong>solo idioma<\/strong>. Por ejemplo, es posible que tenga contenido en ingl\u00e9s dirigido a los EE. UU., GB e Irlanda.<\/li>\n<li>El contenido de su sitio est\u00e1 <strong>completamente traducido<\/strong>. Por ejemplo, tiene versiones en alem\u00e1n e ingl\u00e9s de cada p\u00e1gina.<\/li>\n<\/ul>\n<p>*<em>Fuente<\/em>: <a href=\"https:\/\/support.google.com\/webmasters\/answer\/189077?hl=en\" target=\"_blank\" rel=\"noopener noreferrer\">Search Console Help (Google)<\/a><\/p>\n<hr \/>\n<p><strong>El precio es m\u00e1s de lo que quiero pagar. \u00bfTienes planes que son menos costosos?<\/strong><br \/>\n\u00a1Tambi\u00e9n tenemos licencias est\u00e1ndar! Echa un vistazo a nuestros <a href=\"http:\/\/hreflangtags.com\/es\/precios\/\">planes anuales aqu\u00ed<\/a>.<\/p>\n<hr \/>\n<p>* Este complemento cumple con el requisito mencionado en la orientaci\u00f3n internacional en Google Search Console (anteriormente Herramientas para webmasters). <em>Google no ha respaldado este complemento<\/em>.<\/p>\n","protected":false},"excerpt":{"rendered":"<p>Preguntas frecuentes \u00bfQu\u00e9 pas\u00f3 con HREFLANG Tags Lite? Nuestro complemento Lite todav\u00eda est\u00e1 disponible para descargar a trav\u00e9s del repositorio de WordPress. Sin embargo, solo haremos correcciones de errores o agregaremos nuevos idiomas, si es necesario. Las nuevas funciones solo estar\u00e1n disponibles a trav\u00e9s de una de nuestras licencias. \u00bfOfrecen reembolsos? Con mucho gusto emitiremos [&hellip;]<\/p>\n","protected":false},"author":1036,"featured_media":0,"parent":0,"menu_order":0,"comment_status":"closed","ping_status":"closed","template":"template-lifetime-pricing.php","meta":{"footnotes":""},"class_list":["post-11828","page","type-page","status-publish","hentry"],"jetpack_sharing_enabled":true,"_links":{"self":[{"href":"https:\/\/hreflangtags.com\/es\/wp-json\/wp\/v2\/pages\/11828","targetHints":{"allow":["GET"]}}],"collection":[{"href":"https:\/\/hreflangtags.com\/es\/wp-json\/wp\/v2\/pages"}],"about":[{"href":"https:\/\/hreflangtags.com\/es\/wp-json\/wp\/v2\/types\/page"}],"author":[{"embeddable":true,"href":"https:\/\/hreflangtags.com\/es\/wp-json\/wp\/v2\/users\/1036"}],"replies":[{"embeddable":true,"href":"https:\/\/hreflangtags.com\/es\/wp-json\/wp\/v2\/comments?post=11828"}],"version-history":[{"count":0,"href":"https:\/\/hreflangtags.com\/es\/wp-json\/wp\/v2\/pages\/11828\/revisions"}],"wp:attachment":[{"href":"https:\/\/hreflangtags.com\/es\/wp-json\/wp\/v2\/media?parent=11828"}],"curies":[{"name":"wp","href":"https:\/\/api.w.org\/{rel}","templated":true}]}}